{"id":27717,"date":"2022-05-19T10:11:37","date_gmt":"2022-05-19T08:11:37","guid":{"rendered":"https:\/\/basenisauna.pl\/?page_id=27717"},"modified":"2024-07-03T15:31:53","modified_gmt":"2024-07-03T13:31:53","slug":"angebot","status":"publish","type":"page","link":"https:\/\/basenisauna.pl\/de\/angebot\/","title":{"rendered":"ANGEBOT"},"content":{"rendered":"<section class=\"l-section wpb_row us_custom_590f60dd shadow height_auto\"><div class=\"l-section-h i-cf\"><div class=\"g-cols vc_row via_flex valign_top type_boxes stacking_default\" style=\"--additional-gap:10px;\"><div class=\"vc_col-sm-12 wpb_column vc_column_container\"><div class=\"vc_column-inner us_custom_e11ab399\"><div class=\"wpb_wrapper\"><div class=\"g-cols wpb_row via_flex valign_top type_default stacking_default\"><div class=\"vc_col-sm-8 wpb_column vc_column_container\"><div class=\"vc_column-inner\"><div class=\"wpb_wrapper\"><div class=\"wpb_text_column\"><div class=\"wpb_wrapper\"><h3 style=\"margin-bottom: 0px;\">Download des Unternehmenskatalogs &#8211; Schwimmbad<\/h3>\n<p>Aktueller Firmenkatalog mit vielen namhaften Herstellern aus der Poolbranche. Aktualisierungsdatum: Juli 2024 Deutsche Version des Katalogs.<\/p>\n<\/div><\/div><\/div><\/div><\/div><div class=\"vc_col-sm-4 wpb_column vc_column_container\"><div class=\"vc_column-inner\"><div class=\"wpb_wrapper\"><div class=\"w-btn-wrapper align_center\"><a class=\"w-btn us-btn-style_8 icon_atleft\" title=\"Pobierz katalog Basen i Sauna 2023\" href=\"https:\/\/basenisauna.pl\/wp-content\/uploads\/2024\/04\/Katalog_BASEN_2024_web_de.pdf\"><i class=\"fas fa-file-pdf\"><\/i><span class=\"w-btn-label\">Laden Sie den BiS BASEN-Katalog herunter (PDF) \ud83c\udde9\ud83c\uddea<\/span><\/a><\/div><\/div><\/div><\/div><\/div><div class=\"w-separator size_medium\"><\/div><div class=\"g-cols wpb_row via_flex valign_top type_default stacking_default\"><div class=\"vc_col-sm-8 wpb_column vc_column_container\"><div class=\"vc_column-inner\"><div class=\"wpb_wrapper\"><div class=\"wpb_text_column\"><div class=\"wpb_wrapper\"><h3 style=\"margin-bottom: 0px;\">Download des Unternehmenskatalogs &#8211; Sauna<\/h3>\n<p>Der aktuelle Firmenkatalog mit einer Reihe namhafter Hersteller aus der Saunabranche. Aktualisierungsdatum: Mai 2023.<\/p>\n<\/div><\/div><\/div><\/div><\/div><div class=\"vc_col-sm-4 wpb_column vc_column_container\"><div class=\"vc_column-inner\"><div class=\"wpb_wrapper\"><div class=\"w-btn-wrapper align_center\"><a class=\"w-btn us-btn-style_8 icon_atleft\" title=\"Pobierz katalog Basen i Sauna 2022\" href=\"https:\/\/basenisauna.pl\/wp-content\/uploads\/2022\/10\/KATALOG-Sauna-2023-Deutsch.pdf\"><i class=\"fas fa-file-pdf\"><\/i><span class=\"w-btn-label\">Laden Sie den BiS SAUNA-Katalog herunter (PDF) \ud83c\udde9\ud83c\uddea<\/span><\/a><\/div><\/div><\/div><\/div><\/div><div class=\"w-separator size_huge\"><\/div><div class=\"wpb_text_column\"><div class=\"wpb_wrapper\"><h4 style=\"text-align: center; margin-bottom: 0px;\">Bei Pool und Sauna bieten wir auch die Vermietung und den Verkauf von Versand- und Lagercontainern einschlie\u00dflich Transport zum Kunden an.<\/h4>\n<\/div><\/div><div class=\"w-separator size_medium\"><\/div><div class=\"w-grid type_grid layout_gallery_default cols_3\" id=\"us_grid_1\" data-filterable=\"true\"><style>@media (max-width:479px){#us_grid_1 .w-grid-item{width:50%}}.layout_gallery_default .w-grid-item-h{}<\/style><div class=\"w-grid-list\">\t<article class=\"w-grid-item post-27176 attachment type-attachment status-inherit hentry\" data-id=\"27176\">\r\n\t\t<div class=\"w-grid-item-h\">\r\n\t\t\t\t\t\t\t<a ref=\"magnificPopupGrid\" href=\"https:\/\/basenisauna.pl\/wp-content\/uploads\/2023\/02\/kontenery-1-scaled.jpg\" class=\"w-grid-item-anchor\" aria-label=\"Kontenery morskie i magazynowe\" title=\"Kontenery morskie i magazynowe\"><\/a>\r\n\t\t\t\t\t\t<div class=\"w-post-elm post_image usg_post_image_1 stretched\"><img loading=\"lazy\" decoding=\"async\" width=\"600\" height=\"600\" src=\"https:\/\/basenisauna.pl\/wp-content\/uploads\/2023\/02\/kontenery-1-600x600.jpg\" class=\"attachment-us_600_600_crop size-us_600_600_crop\" alt=\"\" srcset=\"https:\/\/basenisauna.pl\/wp-content\/uploads\/2023\/02\/kontenery-1-600x600.jpg 600w, https:\/\/basenisauna.pl\/wp-content\/uploads\/2023\/02\/kontenery-1-150x150.jpg 150w\" sizes=\"auto, (max-width: 600px) 100vw, 600px\" \/><\/div>\t\t<\/div>\r\n\t<\/article>\r\n\t<article class=\"w-grid-item post-27174 attachment type-attachment status-inherit hentry\" data-id=\"27174\">\r\n\t\t<div class=\"w-grid-item-h\">\r\n\t\t\t\t\t\t\t<a ref=\"magnificPopupGrid\" href=\"https:\/\/basenisauna.pl\/wp-content\/uploads\/2023\/02\/kontenery-2-scaled.jpg\" class=\"w-grid-item-anchor\" aria-label=\"Kontenery morskie i magazynowe\" title=\"Kontenery morskie i magazynowe\"><\/a>\r\n\t\t\t\t\t\t<div class=\"w-post-elm post_image usg_post_image_1 stretched\"><img loading=\"lazy\" decoding=\"async\" width=\"600\" height=\"600\" src=\"https:\/\/basenisauna.pl\/wp-content\/uploads\/2023\/02\/kontenery-2-600x600.jpg\" class=\"attachment-us_600_600_crop size-us_600_600_crop\" alt=\"\" srcset=\"https:\/\/basenisauna.pl\/wp-content\/uploads\/2023\/02\/kontenery-2-600x600.jpg 600w, https:\/\/basenisauna.pl\/wp-content\/uploads\/2023\/02\/kontenery-2-150x150.jpg 150w\" sizes=\"auto, (max-width: 600px) 100vw, 600px\" \/><\/div>\t\t<\/div>\r\n\t<\/article>\r\n\t<article class=\"w-grid-item post-27172 attachment type-attachment status-inherit hentry\" data-id=\"27172\">\r\n\t\t<div class=\"w-grid-item-h\">\r\n\t\t\t\t\t\t\t<a ref=\"magnificPopupGrid\" href=\"https:\/\/basenisauna.pl\/wp-content\/uploads\/2023\/02\/kontenery-3-scaled.jpg\" class=\"w-grid-item-anchor\" aria-label=\"Kontenery morskie i magazynowe\" title=\"Kontenery morskie i magazynowe\"><\/a>\r\n\t\t\t\t\t\t<div class=\"w-post-elm post_image usg_post_image_1 stretched\"><img loading=\"lazy\" decoding=\"async\" width=\"600\" height=\"600\" src=\"https:\/\/basenisauna.pl\/wp-content\/uploads\/2023\/02\/kontenery-3-600x600.jpg\" class=\"attachment-us_600_600_crop size-us_600_600_crop\" alt=\"\" srcset=\"https:\/\/basenisauna.pl\/wp-content\/uploads\/2023\/02\/kontenery-3-600x600.jpg 600w, https:\/\/basenisauna.pl\/wp-content\/uploads\/2023\/02\/kontenery-3-150x150.jpg 150w\" sizes=\"auto, (max-width: 600px) 100vw, 600px\" \/><\/div>\t\t<\/div>\r\n\t<\/article>\r\n<\/div><div class=\"w-grid-preloader\"><div class=\"g-preloader type_1\">\r\n\t<div><\/div>\r\n<\/div>\r\n<\/div>\t<div class=\"w-grid-json hidden\" onclick='return {&quot;action&quot;:&quot;us_ajax_grid&quot;,&quot;ajax_url&quot;:&quot;https:\\\/\\\/basenisauna.pl\\\/wp-admin\\\/admin-ajax.php&quot;,&quot;infinite_scroll&quot;:0,&quot;max_num_pages&quot;:1,&quot;pagination&quot;:&quot;none&quot;,&quot;permalink_url&quot;:&quot;https:\\\/\\\/basenisauna.pl\\\/de\\\/wp-json\\\/wp\\\/v2\\\/pages\\\/27717\\\/&quot;,&quot;template_vars&quot;:{&quot;columns&quot;:&quot;3&quot;,&quot;exclude_items&quot;:&quot;none&quot;,&quot;img_size&quot;:&quot;us_600_600_crop&quot;,&quot;ignore_items_size&quot;:0,&quot;items_layout&quot;:&quot;gallery_default&quot;,&quot;items_offset&quot;:&quot;1&quot;,&quot;load_animation&quot;:&quot;none&quot;,&quot;overriding_link&quot;:&quot;%7B%22type%22%3A%22popup_image%22%7D&quot;,&quot;post_id&quot;:0,&quot;query_args&quot;:{&quot;post_type&quot;:[&quot;attachment&quot;],&quot;post__in&quot;:[&quot;25572&quot;,&quot;25571&quot;,&quot;25570&quot;],&quot;post_status&quot;:&quot;inherit&quot;,&quot;post_mime_type&quot;:&quot;image&quot;,&quot;posts_per_page&quot;:999},&quot;orderby_query_args&quot;:{&quot;orderby&quot;:{&quot;post__in&quot;:&quot;ASC&quot;},&quot;order&quot;:&quot;ASC&quot;},&quot;type&quot;:&quot;grid&quot;,&quot;us_grid_ajax_index&quot;:1,&quot;us_grid_filter_params&quot;:null,&quot;us_grid_index&quot;:1,&quot;_us_grid_post_type&quot;:&quot;attachment&quot;,&quot;page_args&quot;:[],&quot;lang&quot;:&quot;de&quot;}}'><\/div>\r\n\t<\/div><\/div><\/div><\/div><\/div><\/div><\/section><section class=\"l-section wpb_row us_custom_3ef5f0ba shadow height_small\"><div class=\"l-section-h i-cf\"><div class=\"g-cols vc_row via_flex valign_top type_boxes stacking_default\" style=\"--additional-gap:10px;\"><div class=\"vc_col-sm-12 wpb_column vc_column_container\"><div class=\"vc_column-inner us_custom_8d45c27c\"><div class=\"wpb_wrapper\"><div class=\"w-separator size_medium\"><\/div><div class=\"wpb_text_column\"><div class=\"wpb_wrapper\"><h4 style=\"text-align: center; margin-bottom: 0px;\">W\u00e4hlen Sie die Abteilung, f\u00fcr die Sie sich interessieren, um die Angebote der verf\u00fcgbaren Hersteller zu durchsuchen<\/h4>\n<p style=\"text-align: center;\">Wir erg\u00e4nzen st\u00e4ndig die Hersteller &#8211; Sie finden dort Preislisten, Kataloge, Brosch\u00fcren und Ersatzteile.<\/p>\n<\/div><\/div><div class=\"w-separator size_medium\"><\/div><\/div><\/div><\/div><\/div><\/div><\/section><section class=\"l-section wpb_row us_custom_4edece6e shadow height_auto\"><div class=\"l-section-h i-cf\"><div class=\"g-cols vc_row via_flex valign_top type_boxes stacking_default\" style=\"--additional-gap:10px;\"><div class=\"vc_col-sm-4 wpb_column vc_column_container hoverbg2  has-link\"><div class=\"vc_column-inner us_custom_30f1787c us_animate_this\"><div class=\"wpb_wrapper\"><div class=\"w-iconbox iconpos_top style_default color_primary align_center no_text icontype_img\"><div class=\"w-iconbox-icon\" style=\"font-size:96px;\"><?xml version=\"1.0\" encoding=\"utf-8\"?>\r\n<!-- Generator: Adobe Illustrator 22.1.0, SVG Export Plug-In . SVG Version: 6.00 Build 0)  -->\r\n<svg version=\"1.1\" id=\"Capa_1\" xmlns=\"http:\/\/www.w3.org\/2000\/svg\" xmlns:xlink=\"http:\/\/www.w3.org\/1999\/xlink\" x=\"0px\" y=\"0px\"\r\n\t viewBox=\"0 0 512 512\" style=\"enable-background:new 0 0 512 512;\" xml:space=\"preserve\">\r\n<style type=\"text\/css\">\r\n\t.st0{fill:#3256A0;}\r\n<\/style>\r\n<g>\r\n\t<g>\r\n\t\t<rect y=\"142.6\" class=\"st0\" width=\"512\" height=\"17.1\"\/>\r\n\t<\/g>\r\n<\/g>\r\n<g>\r\n\t<g>\r\n\t\t<path class=\"st0\" d=\"M290.1,14.6c-28.2,0-51.2,23-51.2,51.2v230.4H256V65.8c0-18.8,15.3-34.1,34.1-34.1\r\n\t\t\tc18.8,0,34.1,15.3,34.1,34.1v92.3h17.1V65.8C341.3,37.5,318.4,14.6,290.1,14.6z\"\/>\r\n\t<\/g>\r\n<\/g>\r\n<g>\r\n\t<g>\r\n\t\t<rect x=\"247.5\" y=\"193.8\" class=\"st0\" width=\"136.5\" height=\"17.1\"\/>\r\n\t<\/g>\r\n<\/g>\r\n<g>\r\n\t<g>\r\n\t\t<path class=\"st0\" d=\"M426.7,14.6c-28.2,0-51.2,23-51.2,51.2v230.4h17.1V65.8c0-18.8,15.3-34.1,34.1-34.1s34.1,15.3,34.1,34.1v92.3\r\n\t\t\th17.1V65.8C477.9,37.5,454.9,14.6,426.7,14.6z\"\/>\r\n\t<\/g>\r\n<\/g>\r\n<g>\r\n\t<g>\r\n\t\t<rect x=\"247.5\" y=\"245\" class=\"st0\" width=\"136.5\" height=\"17.1\"\/>\r\n\t<\/g>\r\n<\/g>\r\n<g>\r\n\t<g>\r\n\t\t<path class=\"st0\" d=\"M443.3,472.9c-13.2,10-31.5,10-44.7,0c-19.2-14.7-46.1-14.7-65.3,0c-13.2,10-31.5,10-44.7,0\r\n\t\t\tc-19.2-14.7-46.1-14.7-65.3,0c-13.2,10-31.5,10-44.7,0c-19.2-14.7-46.1-14.7-65.3,0c-13.2,10-31.5,10-44.7,0\r\n\t\t\tc-19.2-14.7-46.1-14.7-65.3,0l10.4,13.6c13.1-10,31.5-10,44.6,0c19.3,14.6,46.1,14.6,65.4,0c13.1-10,31.5-10,44.6,0\r\n\t\t\tc19.2,14.6,46.1,14.6,65.4,0c13.1-10,31.5-10,44.6,0c19.2,14.6,46.1,14.6,65.4,0c13.1-10,31.5-10,44.6,0c9.6,7.3,21.1,11,32.7,11\r\n\t\t\tc11.5,0,23.1-3.7,32.7-11c13.1-10,31.5-10,44.6,0l10.4-13.6C489.4,458.2,462.5,458.2,443.3,472.9z\"\/>\r\n\t<\/g>\r\n<\/g>\r\n<g>\r\n\t<g>\r\n\t\t<path class=\"st0\" d=\"M443.3,413.1c-13.2,10-31.5,10-44.7,0c-19.2-14.7-46.1-14.7-65.3,0c-13.2,10-31.5,10-44.7,0\r\n\t\t\tc-19.2-14.7-46.1-14.7-65.3,0c-13.2,10-31.5,10-44.7,0c-19.2-14.7-46.1-14.7-65.3,0c-13.2,10-31.5,10-44.7,0\r\n\t\t\tc-19.2-14.7-46.1-14.7-65.3,0l10.4,13.6c13.1-10,31.5-10,44.6,0c19.3,14.6,46.1,14.6,65.4,0c13.1-10,31.5-10,44.6,0\r\n\t\t\tc19.2,14.6,46.1,14.6,65.4,0c13.1-10,31.5-10,44.6,0c19.2,14.6,46.1,14.6,65.4,0c13.1-10,31.5-10,44.6,0c9.6,7.3,21.1,11,32.7,11\r\n\t\t\tc11.5,0,23.1-3.7,32.7-11c13.1-10,31.5-10,44.6,0l10.4-13.6C489.4,398.5,462.5,398.5,443.3,413.1z\"\/>\r\n\t<\/g>\r\n<\/g>\r\n<g>\r\n\t<g>\r\n\t\t<path class=\"st0\" d=\"M443.3,353.4c-13.2,10-31.5,10-44.7,0c-19.2-14.7-46.1-14.7-65.3,0c-13.2,10-31.5,10-44.7,0\r\n\t\t\tc-19.2-14.7-46.1-14.7-65.3,0c-13.2,10-31.5,10-44.7,0c-19.2-14.7-46.1-14.7-65.3,0c-13.2,10-31.5,10-44.7,0\r\n\t\t\tc-19.2-14.7-46.1-14.7-65.3,0L13.7,367c13.1-10,31.5-10,44.6,0c19.3,14.6,46.1,14.6,65.4,0c13.1-10,31.5-10,44.6,0\r\n\t\t\tc19.2,14.6,46.1,14.6,65.4,0c13.1-10,31.5-10,44.6,0c19.2,14.6,46.1,14.6,65.4,0c13.1-10,31.5-10,44.6,0c9.6,7.3,21.1,11,32.7,11\r\n\t\t\tc11.5,0,23.1-3.7,32.7-11c13.1-10,31.5-10,44.6,0l10.4-13.6C489.4,338.7,462.5,338.7,443.3,353.4z\"\/>\r\n\t<\/g>\r\n<\/g>\r\n<g>\r\n\t<g>\r\n\t\t<path class=\"st0\" d=\"M443.3,293.7c-13.2,10-31.5,10-44.7,0c-19.2-14.7-46.1-14.7-65.3,0c-13.2,10-31.5,10-44.7,0\r\n\t\t\tc-19.2-14.7-46.1-14.7-65.3,0c-13.2,10-31.5,10-44.7,0c-19.2-14.7-46.1-14.7-65.3,0c-13.2,10-31.5,10-44.7,0\r\n\t\t\tc-19.2-14.7-46.1-14.7-65.3,0l10.4,13.6c13.1-10,31.5-10,44.6,0c19.3,14.6,46.1,14.6,65.4,0c13.1-10,31.5-10,44.6,0\r\n\t\t\tc19.2,14.6,46.1,14.6,65.4,0c13.1-10,31.5-10,44.6,0c19.2,14.6,46.1,14.6,65.4,0c13.1-10,31.5-10,44.6,0c9.6,7.3,21.1,11,32.7,11\r\n\t\t\tc11.5,0,23.1-3.7,32.7-11c13.1-10,31.5-10,44.6,0l10.4-13.6C489.4,279,462.5,279,443.3,293.7z\"\/>\r\n\t<\/g>\r\n<\/g>\r\n<\/svg>\r\n<\/div><div class=\"w-iconbox-meta\"><h5 class=\"w-iconbox-title\">Schwimmb\u00e4der<\/h5><\/div><\/div><\/div><\/div><a title=\"Oferta producent\u00f3w basenowych\" href=\"http:\/\/basenisauna.pl\/hurtownia-oferta-baseny\/\" class=\"vc_column-link smooth-scroll\"><\/a><\/div><div class=\"vc_col-sm-4 wpb_column vc_column_container hoverbg22  has-link\"><div class=\"vc_column-inner us_custom_95d85cdb us_animate_this\"><div class=\"wpb_wrapper\"><div class=\"w-iconbox iconpos_top style_default color_primary align_center no_text icontype_img\"><div class=\"w-iconbox-icon\" style=\"font-size:96px;\"><?xml version=\"1.0\" encoding=\"utf-8\"?>\r\n<!-- Generator: Adobe Illustrator 22.1.0, SVG Export Plug-In . SVG Version: 6.00 Build 0)  -->\r\n<svg version=\"1.1\" id=\"Layer_1\" xmlns=\"http:\/\/www.w3.org\/2000\/svg\" xmlns:xlink=\"http:\/\/www.w3.org\/1999\/xlink\" x=\"0px\" y=\"0px\"\r\n\t viewBox=\"0 0 480 480\" style=\"enable-background:new 0 0 480 480;\" xml:space=\"preserve\">\r\n<style type=\"text\/css\">\r\n\t.st0{fill:#FF9800;}\r\n<\/style>\r\n<path class=\"st0\" d=\"M16,472c0,4.4,3.6,8,8,8h160c4.4,0,8-3.6,8-8V136c0-4.4-3.6-8-8-8H24c-4.4,0-8,3.6-8,8V472z M32,144h144v320H32\r\n\tV144z\"\/>\r\n<path class=\"st0\" d=\"M384,480h32c4.4,0,8-3.6,8-8v-56h16c4.4,0,8-3.6,8-8v-48c0-4.4-3.6-8-8-8H248c-4.4,0-8,3.6-8,8v48\r\n\tc0,4.4,3.6,8,8,8h16v56c0,4.4,3.6,8,8,8h32c4.4,0,8-3.6,8-8v-56h64v56C376,476.4,379.6,480,384,480z M408,464h-16v-48h16V464z\r\n\t M256,368h176v32H256V368z M296,464h-16v-48h16V464z\"\/>\r\n<path class=\"st0\" d=\"M440,0h-64c-4.4,0-8,3.6-8,8v160.9c-21.5,22-21.3,57.2,0.5,78.9c21.8,21.7,57.1,21.7,78.9,0\r\n\tc21.8-21.7,22.1-56.9,0.5-78.9V8C448,3.6,444.4,0,440,0z M408,248c-16.6,0-31.4-10.2-37.4-25.7s-1.7-33,10.7-44.1\r\n\tc1.7-1.5,2.7-3.7,2.7-6V16h48v156.3c0,2.3,1,4.4,2.7,6c12.4,11,16.6,28.6,10.7,44.1S424.6,248,408,248z\"\/>\r\n<path class=\"st0\" d=\"M416,185.5V40c0-4.4-3.6-8-8-8s-8,3.6-8,8v145.5c-11,3.9-17.6,15.2-15.7,26.7s12,19.9,23.7,19.9\r\n\ts21.7-8.4,23.7-19.9S427,189.4,416,185.5z M408,216c-4.4,0-8-3.6-8-8s3.6-8,8-8s8,3.6,8,8C416,212.4,412.4,216,408,216z\"\/>\r\n<path class=\"st0\" d=\"M144,272c-13.3,0-24,10.7-24,24s10.7,24,24,24s24-10.7,24-24C168,282.8,157.3,272,144,272z M144,304\r\n\tc-4.4,0-8-3.6-8-8s3.6-8,8-8s8,3.6,8,8C152,300.4,148.4,304,144,304z\"\/>\r\n<path class=\"st0\" d=\"M226.7,231.9c-6.7,4.5-10.7,12-10.7,20s4,15.6,10.7,20c4,3.5,5.3,4.9,5.3,8c0,4.4,3.6,8,8,8s8-3.6,8-8\r\n\tc-0.2-8-4.2-15.4-10.7-20c-4-3.5-5.3-4.9-5.3-8c0-3.1,1.3-4.5,5.3-8c6.7-4.5,10.7-12,10.7-20c0-8-4-15.6-10.7-20\r\n\tc-4-3.5-5.3-4.9-5.3-8s1.3-4.5,5.3-8c6.5-4.6,10.5-12,10.7-20c0-4.4-3.6-8-8-8s-8,3.6-8,8c0,3.1-1.3,4.5-5.3,8\r\n\tc-6.7,4.4-10.7,12-10.7,20s4,15.6,10.7,20c4,3.5,5.3,4.9,5.3,8C232,227.1,230.7,228.5,226.7,231.9z\"\/>\r\n<path class=\"st0\" d=\"M266.7,231.9c-6.7,4.5-10.7,12-10.7,20s4,15.6,10.7,20c4,3.5,5.3,4.9,5.3,8c0,4.4,3.6,8,8,8s8-3.6,8-8\r\n\tc-0.2-8-4.2-15.4-10.7-20c-4-3.5-5.3-4.9-5.3-8c0-3.1,1.3-4.5,5.3-8c6.7-4.5,10.7-12,10.7-20c0-8-4-15.6-10.7-20\r\n\tc-4-3.5-5.3-4.9-5.3-8s1.3-4.5,5.3-8c6.5-4.6,10.5-12,10.7-20c0-4.4-3.6-8-8-8s-8,3.6-8,8c0,3.1-1.3,4.5-5.3,8\r\n\tc-6.7,4.4-10.7,12-10.7,20s4,15.6,10.7,20c4,3.5,5.3,4.9,5.3,8C272,227.1,270.7,228.5,266.7,231.9z\"\/>\r\n<path class=\"st0\" d=\"M306.7,231.9c-6.7,4.5-10.7,12-10.7,20s4,15.6,10.7,20c4,3.5,5.3,4.9,5.3,8c0,4.4,3.6,8,8,8s8-3.6,8-8\r\n\tc-0.2-8-4.2-15.4-10.7-20c-4-3.5-5.3-4.9-5.3-8c0-3.1,1.3-4.5,5.3-8c6.7-4.5,10.7-12,10.7-20c0-8-4-15.6-10.7-20\r\n\tc-4-3.5-5.3-4.9-5.3-8s1.3-4.5,5.3-8c6.5-4.6,10.5-12,10.7-20c0-4.4-3.6-8-8-8s-8,3.6-8,8c0,3.1-1.3,4.5-5.3,8\r\n\tc-6.7,4.4-10.7,12-10.7,20s4,15.6,10.7,20c4,3.5,5.3,4.9,5.3,8C312,227.1,310.7,228.5,306.7,231.9z\"\/>\r\n<path class=\"st0\" d=\"M344,0H24c-4.4,0-8,3.6-8,8v32c0,4.4,3.6,8,8,8h48.8C76.6,66.6,93,80,112,80h144c19,0,35.4-13.4,39.2-32H344\r\n\tc4.4,0,8-3.6,8-8V8C352,3.6,348.4,0,344,0z M256,64H112c-10.2,0-19.2-6.4-22.6-16h189.3C275.2,57.6,266.2,64,256,64z M336,32H32V16\r\n\th304V32z\"\/>\r\n<\/svg>\r\n<\/div><div class=\"w-iconbox-meta\"><h5 class=\"w-iconbox-title\">Finnische Saunas \/ Dampfsaunas<\/h5><\/div><\/div><\/div><\/div><a href=\"http:\/\/basenisauna.pl\/sauny-oferta\/\" class=\"vc_column-link smooth-scroll\" aria-label=\"Link\"><\/a><\/div><div class=\"vc_col-sm-4 wpb_column vc_column_container hoverbg222  has-link\"><div class=\"vc_column-inner us_custom_a9f64d1a us_animate_this\"><div class=\"wpb_wrapper\"><div class=\"w-iconbox iconpos_top style_default color_primary align_center no_text icontype_img\"><div class=\"w-iconbox-icon\" style=\"font-size:96px;\"><?xml version=\"1.0\" encoding=\"utf-8\"?>\r\n<!-- Generator: Adobe Illustrator 22.1.0, SVG Export Plug-In . SVG Version: 6.00 Build 0)  -->\r\n<svg version=\"1.1\" id=\"Capa_1\" xmlns=\"http:\/\/www.w3.org\/2000\/svg\" xmlns:xlink=\"http:\/\/www.w3.org\/1999\/xlink\" x=\"0px\" y=\"0px\"\r\n\t viewBox=\"0 0 512 512\" style=\"enable-background:new 0 0 512 512;\" xml:space=\"preserve\">\r\n<style type=\"text\/css\">\r\n\t.st0{fill:#0D710C;}\r\n<\/style>\r\n<g>\r\n\t<g>\r\n\t\t<rect x=\"469.1\" y=\"436.6\" class=\"st0\" width=\"15\" height=\"15\"\/>\r\n\t<\/g>\r\n<\/g>\r\n<g>\r\n\t<g>\r\n\t\t<rect x=\"444.1\" y=\"436.6\" class=\"st0\" width=\"15\" height=\"15\"\/>\r\n\t<\/g>\r\n<\/g>\r\n<g>\r\n\t<g>\r\n\t\t<rect x=\"347.4\" y=\"436.6\" class=\"st0\" width=\"86.7\" height=\"15\"\/>\r\n\t<\/g>\r\n<\/g>\r\n<g>\r\n\t<g>\r\n\t\t<rect x=\"426.1\" y=\"182.4\" class=\"st0\" width=\"15\" height=\"15\"\/>\r\n\t<\/g>\r\n<\/g>\r\n<g>\r\n\t<g>\r\n\t\t<rect x=\"451.1\" y=\"182.4\" class=\"st0\" width=\"15\" height=\"15\"\/>\r\n\t<\/g>\r\n<\/g>\r\n<g>\r\n\t<g>\r\n\t\t<rect x=\"329.4\" y=\"182.4\" class=\"st0\" width=\"86.7\" height=\"15\"\/>\r\n\t<\/g>\r\n<\/g>\r\n<g>\r\n\t<g>\r\n\t\t<path class=\"st0\" d=\"M14.5,162.5v54.7h483v-54.7H14.5z M482.5,202.2h-453v-24.7h453V202.2z\"\/>\r\n\t<\/g>\r\n<\/g>\r\n<g>\r\n\t<g>\r\n\t\t<rect x=\"23.5\" y=\"229.7\" class=\"st0\" width=\"15\" height=\"171.6\"\/>\r\n\t<\/g>\r\n<\/g>\r\n<g>\r\n\t<g>\r\n\t\t<rect x=\"473.5\" y=\"229.7\" class=\"st0\" width=\"15\" height=\"171.6\"\/>\r\n\t<\/g>\r\n<\/g>\r\n<g>\r\n\t<g>\r\n\t\t<rect x=\"87.8\" y=\"229.7\" class=\"st0\" width=\"15\" height=\"171.6\"\/>\r\n\t<\/g>\r\n<\/g>\r\n<g>\r\n\t<g>\r\n\t\t<rect x=\"409.2\" y=\"229.7\" class=\"st0\" width=\"15\" height=\"171.6\"\/>\r\n\t<\/g>\r\n<\/g>\r\n<g>\r\n\t<g>\r\n\t\t<rect x=\"152.1\" y=\"229.7\" class=\"st0\" width=\"15\" height=\"171.6\"\/>\r\n\t<\/g>\r\n<\/g>\r\n<g>\r\n\t<g>\r\n\t\t<rect x=\"344.9\" y=\"229.7\" class=\"st0\" width=\"15\" height=\"171.6\"\/>\r\n\t<\/g>\r\n<\/g>\r\n<g>\r\n\t<g>\r\n\t\t<rect x=\"216.4\" y=\"229.7\" class=\"st0\" width=\"15\" height=\"171.6\"\/>\r\n\t<\/g>\r\n<\/g>\r\n<g>\r\n\t<g>\r\n\t\t<rect x=\"280.6\" y=\"229.7\" class=\"st0\" width=\"15\" height=\"171.6\"\/>\r\n\t<\/g>\r\n<\/g>\r\n<g>\r\n\t<g>\r\n\t\t<path class=\"st0\" d=\"M0,413.8v62.4h512v-62.4L0,413.8L0,413.8z M497,461.2H15v-32.4h482V461.2z\"\/>\r\n\t<\/g>\r\n<\/g>\r\n<g>\r\n\t<g>\r\n\t\t<rect x=\"448.5\" y=\"287.2\" class=\"st0\" width=\"15\" height=\"86\"\/>\r\n\t<\/g>\r\n<\/g>\r\n<g>\r\n\t<g>\r\n\t\t<rect x=\"448.5\" y=\"262.2\" class=\"st0\" width=\"15\" height=\"15\"\/>\r\n\t<\/g>\r\n<\/g>\r\n<g>\r\n\t<g>\r\n\t\t<rect x=\"448.5\" y=\"237.2\" class=\"st0\" width=\"15\" height=\"15\"\/>\r\n\t<\/g>\r\n<\/g>\r\n<g>\r\n\t<g>\r\n\t\t<rect x=\"127.1\" y=\"327.5\" class=\"st0\" width=\"15\" height=\"73.2\"\/>\r\n\t<\/g>\r\n<\/g>\r\n<g>\r\n\t<g>\r\n\t\t<rect x=\"48.5\" y=\"254.7\" class=\"st0\" width=\"15\" height=\"15\"\/>\r\n\t<\/g>\r\n<\/g>\r\n<g>\r\n\t<g>\r\n\t\t<rect x=\"48.5\" y=\"229.7\" class=\"st0\" width=\"15\" height=\"15\"\/>\r\n\t<\/g>\r\n<\/g>\r\n<g>\r\n\t<g>\r\n\t\t<rect x=\"48.5\" y=\"279.7\" class=\"st0\" width=\"15\" height=\"15\"\/>\r\n\t<\/g>\r\n<\/g>\r\n<g>\r\n\t<g>\r\n\t\t<path class=\"st0\" d=\"M322.8,84c0-9.3,3.6-13.7,8.3-19.3c5.2-6.3,11.7-14.1,11.7-28.9h-15c0,9.3-3.6,13.7-8.3,19.3\r\n\t\t\tc-5.2,6.3-11.7,14.1-11.7,28.9s6.5,22.6,11.7,28.9c4.6,5.6,8.3,10,8.3,19.3h15c0-14.7-6.5-22.6-11.7-28.9\r\n\t\t\tC326.4,97.7,322.8,93.3,322.8,84z\"\/>\r\n\t<\/g>\r\n<\/g>\r\n<g>\r\n\t<g>\r\n\t\t<path class=\"st0\" d=\"M184.3,84c0-9.3,3.6-13.7,8.3-19.3c5.2-6.3,11.7-14.1,11.7-28.9h-15c0,9.3-3.6,13.7-8.3,19.3\r\n\t\t\tc-5.2,6.3-11.7,14.1-11.7,28.9s6.5,22.6,11.7,28.9c4.6,5.6,8.3,10,8.3,19.3h15c0-14.7-6.5-22.6-11.7-28.9\r\n\t\t\tC187.9,97.7,184.3,93.3,184.3,84z\"\/>\r\n\t<\/g>\r\n<\/g>\r\n<g>\r\n\t<g>\r\n\t\t<path class=\"st0\" d=\"M258.5,35.8c0,4.3-0.8,7.9-2.4,11.1l13.4,6.8c2.7-5.3,4-11.2,4-17.9H258.5z\"\/>\r\n\t<\/g>\r\n<\/g>\r\n<g>\r\n\t<g>\r\n\t\t<path class=\"st0\" d=\"M261.8,103.3c-4.6-5.6-8.3-10-8.3-19.3c0-1,0-2,0.1-2.9l-14.9-1.4c-0.1,1.4-0.2,2.8-0.2,4.3\r\n\t\t\tc0,14.7,6.5,22.6,11.7,28.9c4.6,5.6,8.3,10,8.3,19.3h15C273.5,117.4,267,109.6,261.8,103.3z\"\/>\r\n\t<\/g>\r\n<\/g>\r\n<g>\r\n\t<g>\r\n\t\t<path class=\"st0\" d=\"M251.3,53.8l-1.1,1.3c-2.9,3.5-6.1,7.4-8.4,12.6l13.7,6.1c1.5-3.3,3.7-6,6.3-9.2c0.4-0.5,0.8-0.9,1.2-1.4\r\n\t\t\tL251.3,53.8z\"\/>\r\n\t<\/g>\r\n<\/g>\r\n<\/svg>\r\n<\/div><div class=\"w-iconbox-meta\"><h5 class=\"w-iconbox-title\">Spa-Gartenwannen<\/h5><\/div><\/div><\/div><\/div><a href=\"http:\/\/basenisauna.pl\/wanny-spa-oferta\/\" class=\"vc_column-link smooth-scroll\" aria-label=\"Link\"><\/a><\/div><\/div><\/div><\/section><section class=\"l-section wpb_row height_small\"><div class=\"l-section-h i-cf\"><div class=\"g-cols vc_row via_flex valign_top type_default stacking_default\"><div class=\"vc_col-sm-12 wpb_column vc_column_container\"><div class=\"vc_column-inner\"><div class=\"wpb_wrapper\"><div class=\"w-separator size_medium\"><\/div><\/div><\/div><\/div><\/div><\/div><\/section>\n","protected":false},"excerpt":{"rendered":"Kontenery morskie i magazynowe","protected":false},"author":2,"featured_media":0,"parent":0,"menu_order":0,"comment_status":"closed","ping_status":"closed","template":"","meta":{"footnotes":""},"class_list":["post-27717","page","type-page","status-publish","hentry"],"_links":{"self":[{"href":"https:\/\/basenisauna.pl\/de\/wp-json\/wp\/v2\/pages\/27717","targetHints":{"allow":["GET"]}}],"collection":[{"href":"https:\/\/basenisauna.pl\/de\/wp-json\/wp\/v2\/pages"}],"about":[{"href":"https:\/\/basenisauna.pl\/de\/wp-json\/wp\/v2\/types\/page"}],"author":[{"embeddable":true,"href":"https:\/\/basenisauna.pl\/de\/wp-json\/wp\/v2\/users\/2"}],"replies":[{"embeddable":true,"href":"https:\/\/basenisauna.pl\/de\/wp-json\/wp\/v2\/comments?post=27717"}],"version-history":[{"count":13,"href":"https:\/\/basenisauna.pl\/de\/wp-json\/wp\/v2\/pages\/27717\/revisions"}],"predecessor-version":[{"id":28251,"href":"https:\/\/basenisauna.pl\/de\/wp-json\/wp\/v2\/pages\/27717\/revisions\/28251"}],"wp:attachment":[{"href":"https:\/\/basenisauna.pl\/de\/wp-json\/wp\/v2\/media?parent=27717"}],"curies":[{"name":"wp","href":"https:\/\/api.w.org\/{rel}","templated":true}]}}