{"id":27696,"date":"2019-02-11T13:26:33","date_gmt":"2019-02-11T12:26:33","guid":{"rendered":"https:\/\/basenisauna.pl\/?page_id=27696"},"modified":"2024-03-06T13:28:19","modified_gmt":"2024-03-06T12:28:19","slug":"schwimmbader-angebot","status":"publish","type":"page","link":"https:\/\/basenisauna.pl\/de\/schwimmbader-angebot\/","title":{"rendered":"Schwimmb\u00e4der &#8211; Angebot"},"content":{"rendered":"<section class=\"l-section wpb_row height_large\"><div class=\"l-section-h i-cf\"><div class=\"g-cols vc_row via_flex valign_top type_default stacking_default\"><div class=\"vc_col-sm-12 wpb_column vc_column_container\"><div class=\"vc_column-inner\"><div class=\"wpb_wrapper\"><div class=\"wpb_text_column\"><div class=\"wpb_wrapper\"><h2 style=\"text-align: center;\">Entdecken Sie unser Sortiment an Produkten f\u00fchrender Hersteller<\/h2>\n<\/div><\/div><\/div><\/div><\/div><div class=\"vc_col-sm-12 wpb_column vc_column_container\"><div class=\"vc_column-inner\"><div class=\"wpb_wrapper\"><\/div><\/div><\/div><\/div><\/div><\/section><section class=\"l-section wpb_row height_large\"><div class=\"l-section-h i-cf\"><div class=\"g-cols vc_row via_flex valign_top type_default stacking_default\"><div class=\"vc_col-sm-12 wpb_column vc_column_container\"><div class=\"vc_column-inner\"><div class=\"wpb_wrapper\"><div class=\"w-grid type_grid layout_blog_1 cols_3\" id=\"us_grid_1\" style=\"--gap:1.5rem;\" data-filterable=\"true\"><style>@media (max-width:1024px){#us_grid_1 .w-grid-item{width:50%}}@media (max-width:600px){#us_grid_1 .w-grid-list{margin:0}#us_grid_1 .w-grid-item{width:100%;padding:0;margin-bottom:var(--gap,0px)}}.layout_blog_1 .w-grid-item-h{}.layout_blog_1 .usg_post_image_1{margin-bottom:0.5rem!important}.layout_blog_1 .usg_post_title_1{font-size:1rem!important}<\/style><div class=\"w-grid-list\">\t<article class=\"w-grid-item post-27751 us_portfolio type-us_portfolio status-publish has-post-thumbnail hentry us_portfolio_category-spa-garten-badezuber\" data-id=\"27751\">\r\n\t\t<div class=\"w-grid-item-h\">\r\n\t\t\t\t\t\t<div class=\"w-post-elm post_image usg_post_image_1 stretched\"><a href=\"https:\/\/basenisauna.pl\/de\/producent\/christi-spa\/\" aria-label=\"Christi SPA\"><img loading=\"lazy\" decoding=\"async\" width=\"300\" height=\"100\" src=\"https:\/\/basenisauna.pl\/wp-content\/uploads\/2019\/02\/christiaspa.jpg\" class=\"attachment-large size-large wp-post-image\" alt=\"\" \/><\/a><\/div><h2 class=\"w-post-elm post_title usg_post_title_1 entry-title color_link_inherit\"><a href=\"https:\/\/basenisauna.pl\/de\/producent\/christi-spa\/\">Christi SPA<\/a><\/h2>\t\t<\/div>\r\n\t<\/article>\r\n\t<article class=\"w-grid-item post-27755 us_portfolio type-us_portfolio status-publish has-post-thumbnail hentry us_portfolio_category-finnische-saunen-dampfsaunen\" data-id=\"27755\">\r\n\t\t<div class=\"w-grid-item-h\">\r\n\t\t\t\t\t\t<div class=\"w-post-elm post_image usg_post_image_1 stretched\"><a href=\"https:\/\/basenisauna.pl\/de\/producent\/hoeyry-loeyly\/\" aria-label=\"H\u00f6yry L\u00f6yly\"><img loading=\"lazy\" decoding=\"async\" width=\"300\" height=\"100\" src=\"https:\/\/basenisauna.pl\/wp-content\/uploads\/2019\/09\/hoyry.jpg\" class=\"attachment-large size-large wp-post-image\" alt=\"\" \/><\/a><\/div><h2 class=\"w-post-elm post_title usg_post_title_1 entry-title color_link_inherit\"><a href=\"https:\/\/basenisauna.pl\/de\/producent\/hoeyry-loeyly\/\">H\u00f6yry L\u00f6yly<\/a><\/h2>\t\t<\/div>\r\n\t<\/article>\r\n\t<article class=\"w-grid-item post-27758 us_portfolio type-us_portfolio status-publish has-post-thumbnail hentry us_portfolio_category-finnische-saunen-dampfsaunen\" data-id=\"27758\">\r\n\t\t<div class=\"w-grid-item-h\">\r\n\t\t\t\t\t\t<div class=\"w-post-elm post_image usg_post_image_1 stretched\"><a href=\"https:\/\/basenisauna.pl\/de\/producent\/eliga-elsaesser\/\" aria-label=\"Eliga Els\u00e4sser\"><img loading=\"lazy\" decoding=\"async\" width=\"300\" height=\"100\" src=\"https:\/\/basenisauna.pl\/wp-content\/uploads\/2019\/09\/eliga.jpg\" class=\"attachment-large size-large wp-post-image\" alt=\"\" \/><\/a><\/div><h2 class=\"w-post-elm post_title usg_post_title_1 entry-title color_link_inherit\"><a href=\"https:\/\/basenisauna.pl\/de\/producent\/eliga-elsaesser\/\">Eliga Els\u00e4sser<\/a><\/h2>\t\t<\/div>\r\n\t<\/article>\r\n\t<article class=\"w-grid-item post-27761 us_portfolio type-us_portfolio status-publish has-post-thumbnail hentry us_portfolio_category-finnische-saunen-dampfsaunen\" data-id=\"27761\">\r\n\t\t<div class=\"w-grid-item-h\">\r\n\t\t\t\t\t\t<div class=\"w-post-elm post_image usg_post_image_1 stretched\"><a href=\"https:\/\/basenisauna.pl\/de\/producent\/kirami\/\" aria-label=\"Kirami\"><img loading=\"lazy\" decoding=\"async\" width=\"300\" height=\"100\" src=\"https:\/\/basenisauna.pl\/wp-content\/uploads\/2019\/09\/kirami.jpg\" class=\"attachment-large size-large wp-post-image\" alt=\"\" \/><\/a><\/div><h2 class=\"w-post-elm post_title usg_post_title_1 entry-title color_link_inherit\"><a href=\"https:\/\/basenisauna.pl\/de\/producent\/kirami\/\">Kirami<\/a><\/h2>\t\t<\/div>\r\n\t<\/article>\r\n\t<article class=\"w-grid-item post-27746 us_portfolio type-us_portfolio status-publish has-post-thumbnail hentry us_portfolio_category-finnische-saunen-dampfsaunen us_portfolio_category-schwimmbader\" data-id=\"27746\">\r\n\t\t<div class=\"w-grid-item-h\">\r\n\t\t\t\t\t\t<div class=\"w-post-elm post_image usg_post_image_1 stretched\"><a href=\"https:\/\/basenisauna.pl\/de\/producent\/relax-factory-de\/\" aria-label=\"Relax Factory\"><img loading=\"lazy\" decoding=\"async\" width=\"300\" height=\"100\" src=\"https:\/\/basenisauna.pl\/wp-content\/uploads\/2019\/09\/relax-factory.jpg\" class=\"attachment-large size-large wp-post-image\" alt=\"\" \/><\/a><\/div><h2 class=\"w-post-elm post_title usg_post_title_1 entry-title color_link_inherit\"><a href=\"https:\/\/basenisauna.pl\/de\/producent\/relax-factory-de\/\">Relax Factory<\/a><\/h2>\t\t<\/div>\r\n\t<\/article>\r\n\t<article class=\"w-grid-item post-27708 us_portfolio type-us_portfolio status-publish has-post-thumbnail hentry us_portfolio_category-finnische-saunen-dampfsaunen\" data-id=\"27708\">\r\n\t\t<div class=\"w-grid-item-h\">\r\n\t\t\t\t\t\t<div class=\"w-post-elm post_image usg_post_image_1 stretched\"><a href=\"https:\/\/basenisauna.pl\/de\/producent\/lacoform\/\" aria-label=\"Lacoform\"><img loading=\"lazy\" decoding=\"async\" width=\"300\" height=\"100\" src=\"https:\/\/basenisauna.pl\/wp-content\/uploads\/2019\/09\/lacoform.jpg\" class=\"attachment-large size-large wp-post-image\" alt=\"\" \/><\/a><\/div><h2 class=\"w-post-elm post_title usg_post_title_1 entry-title color_link_inherit\"><a href=\"https:\/\/basenisauna.pl\/de\/producent\/lacoform\/\">Lacoform<\/a><\/h2>\t\t<\/div>\r\n\t<\/article>\r\n\t<article class=\"w-grid-item post-27764 us_portfolio type-us_portfolio status-publish has-post-thumbnail hentry us_portfolio_category-finnische-saunen-dampfsaunen\" data-id=\"27764\">\r\n\t\t<div class=\"w-grid-item-h\">\r\n\t\t\t\t\t\t<div class=\"w-post-elm post_image usg_post_image_1 stretched\"><a href=\"https:\/\/basenisauna.pl\/de\/producent\/rento\/\" aria-label=\"Rento\"><img loading=\"lazy\" decoding=\"async\" width=\"300\" height=\"100\" src=\"https:\/\/basenisauna.pl\/wp-content\/uploads\/2019\/09\/rento.jpg\" class=\"attachment-large size-large wp-post-image\" alt=\"\" \/><\/a><\/div><h2 class=\"w-post-elm post_title usg_post_title_1 entry-title color_link_inherit\"><a href=\"https:\/\/basenisauna.pl\/de\/producent\/rento\/\">Rento<\/a><\/h2>\t\t<\/div>\r\n\t<\/article>\r\n\t<article class=\"w-grid-item post-27767 us_portfolio type-us_portfolio status-publish has-post-thumbnail hentry us_portfolio_category-finnische-saunen-dampfsaunen\" data-id=\"27767\">\r\n\t\t<div class=\"w-grid-item-h\">\r\n\t\t\t\t\t\t<div class=\"w-post-elm post_image usg_post_image_1 stretched\"><a href=\"https:\/\/basenisauna.pl\/de\/producent\/sentiotec\/\" aria-label=\"Sentiotec\"><img loading=\"lazy\" decoding=\"async\" width=\"300\" height=\"100\" src=\"https:\/\/basenisauna.pl\/wp-content\/uploads\/2019\/02\/sentiotec-2.jpg\" class=\"attachment-large size-large wp-post-image\" alt=\"\" \/><\/a><\/div><h2 class=\"w-post-elm post_title usg_post_title_1 entry-title color_link_inherit\"><a href=\"https:\/\/basenisauna.pl\/de\/producent\/sentiotec\/\">Sentiotec<\/a><\/h2>\t\t<\/div>\r\n\t<\/article>\r\n\t<article class=\"w-grid-item post-27770 us_portfolio type-us_portfolio status-publish has-post-thumbnail hentry us_portfolio_category-finnische-saunen-dampfsaunen\" data-id=\"27770\">\r\n\t\t<div class=\"w-grid-item-h\">\r\n\t\t\t\t\t\t<div class=\"w-post-elm post_image usg_post_image_1 stretched\"><a href=\"https:\/\/basenisauna.pl\/de\/producent\/sentio\/\" aria-label=\"Sentio\"><img loading=\"lazy\" decoding=\"async\" width=\"300\" height=\"100\" src=\"https:\/\/basenisauna.pl\/wp-content\/uploads\/2023\/10\/logo-sauna1.jpg\" class=\"attachment-large size-large wp-post-image\" alt=\"\" \/><\/a><\/div><h2 class=\"w-post-elm post_title usg_post_title_1 entry-title color_link_inherit\"><a href=\"https:\/\/basenisauna.pl\/de\/producent\/sentio\/\">Sentio<\/a><\/h2>\t\t<\/div>\r\n\t<\/article>\r\n\t<article class=\"w-grid-item post-27773 us_portfolio type-us_portfolio status-publish has-post-thumbnail hentry us_portfolio_category-finnische-saunen-dampfsaunen\" data-id=\"27773\">\r\n\t\t<div class=\"w-grid-item-h\">\r\n\t\t\t\t\t\t<div class=\"w-post-elm post_image usg_post_image_1 stretched\"><a href=\"https:\/\/basenisauna.pl\/de\/producent\/saunario\/\" aria-label=\"Saunario\"><img loading=\"lazy\" decoding=\"async\" width=\"1024\" height=\"253\" src=\"https:\/\/basenisauna.pl\/wp-content\/uploads\/2019\/09\/saunario-1024x253.png\" class=\"attachment-large size-large wp-post-image\" alt=\"\" srcset=\"https:\/\/basenisauna.pl\/wp-content\/uploads\/2019\/09\/saunario-1024x253.png 1024w, https:\/\/basenisauna.pl\/wp-content\/uploads\/2019\/09\/saunario-300x74.png 300w, https:\/\/basenisauna.pl\/wp-content\/uploads\/2019\/09\/saunario-600x148.png 600w, https:\/\/basenisauna.pl\/wp-content\/uploads\/2019\/09\/saunario.png 1336w\" sizes=\"auto, (max-width: 1024px) 100vw, 1024px\" \/><\/a><\/div><h2 class=\"w-post-elm post_title usg_post_title_1 entry-title color_link_inherit\"><a href=\"https:\/\/basenisauna.pl\/de\/producent\/saunario\/\">Saunario<\/a><\/h2>\t\t<\/div>\r\n\t<\/article>\r\n\t<article class=\"w-grid-item post-27776 us_portfolio type-us_portfolio status-publish has-post-thumbnail hentry us_portfolio_category-finnische-saunen-dampfsaunen\" data-id=\"27776\">\r\n\t\t<div class=\"w-grid-item-h\">\r\n\t\t\t\t\t\t<div class=\"w-post-elm post_image usg_post_image_1 stretched\"><a href=\"https:\/\/basenisauna.pl\/de\/producent\/huum\/\" aria-label=\"Huum\"><img loading=\"lazy\" decoding=\"async\" width=\"103\" height=\"106\" src=\"https:\/\/basenisauna.pl\/wp-content\/uploads\/2019\/10\/huum.jpg\" class=\"attachment-large size-large wp-post-image\" alt=\"\" \/><\/a><\/div><h2 class=\"w-post-elm post_title usg_post_title_1 entry-title color_link_inherit\"><a href=\"https:\/\/basenisauna.pl\/de\/producent\/huum\/\">Huum<\/a><\/h2>\t\t<\/div>\r\n\t<\/article>\r\n\t<article class=\"w-grid-item post-27779 us_portfolio type-us_portfolio status-publish has-post-thumbnail hentry us_portfolio_category-finnische-saunen-dampfsaunen\" data-id=\"27779\">\r\n\t\t<div class=\"w-grid-item-h\">\r\n\t\t\t\t\t\t<div class=\"w-post-elm post_image usg_post_image_1 stretched\"><a href=\"https:\/\/basenisauna.pl\/de\/producent\/harvia\/\" aria-label=\"Harvia\"><img loading=\"lazy\" decoding=\"async\" width=\"300\" height=\"100\" src=\"https:\/\/basenisauna.pl\/wp-content\/uploads\/2019\/02\/harvia-2.jpg\" class=\"attachment-large size-large wp-post-image\" alt=\"\" \/><\/a><\/div><h2 class=\"w-post-elm post_title usg_post_title_1 entry-title color_link_inherit\"><a href=\"https:\/\/basenisauna.pl\/de\/producent\/harvia\/\">Harvia<\/a><\/h2>\t\t<\/div>\r\n\t<\/article>\r\n<\/div><div class=\"w-grid-preloader\"><div class=\"g-preloader type_1\">\r\n\t<div><\/div>\r\n<\/div>\r\n<\/div>\t<div class=\"w-grid-json hidden\" onclick='return {&quot;action&quot;:&quot;us_ajax_grid&quot;,&quot;ajax_url&quot;:&quot;https:\\\/\\\/basenisauna.pl\\\/wp-admin\\\/admin-ajax.php&quot;,&quot;infinite_scroll&quot;:0,&quot;max_num_pages&quot;:4,&quot;pagination&quot;:&quot;none&quot;,&quot;permalink_url&quot;:&quot;https:\\\/\\\/basenisauna.pl\\\/de\\\/wp-json\\\/wp\\\/v2\\\/pages\\\/27696\\\/&quot;,&quot;template_vars&quot;:{&quot;columns&quot;:&quot;3&quot;,&quot;exclude_items&quot;:&quot;none&quot;,&quot;img_size&quot;:&quot;default&quot;,&quot;ignore_items_size&quot;:0,&quot;items_layout&quot;:&quot;blog_1&quot;,&quot;items_offset&quot;:&quot;1&quot;,&quot;load_animation&quot;:&quot;none&quot;,&quot;overriding_link&quot;:&quot;%7B%22url%22%3A%22%22%7D&quot;,&quot;post_id&quot;:0,&quot;query_args&quot;:{&quot;post_type&quot;:[&quot;us_portfolio&quot;],&quot;tax_query&quot;:[{&quot;taxonomy&quot;:&quot;us_portfolio_category&quot;,&quot;field&quot;:&quot;slug&quot;,&quot;terms&quot;:[&quot;finnische-saunen-dampfsaunen&quot;,&quot;schwimmbader&quot;,&quot;spa-garten-badezuber&quot;]}],&quot;post_status&quot;:[&quot;publish&quot;],&quot;posts_per_page&quot;:&quot;12&quot;},&quot;orderby_query_args&quot;:{&quot;orderby&quot;:{&quot;date&quot;:&quot;DESC&quot;}},&quot;type&quot;:&quot;grid&quot;,&quot;us_grid_ajax_index&quot;:1,&quot;us_grid_filter_params&quot;:null,&quot;us_grid_index&quot;:1,&quot;_us_grid_post_type&quot;:&quot;us_portfolio&quot;,&quot;page_args&quot;:[],&quot;lang&quot;:&quot;de&quot;}}'><\/div>\r\n\t<\/div><\/div><\/div><\/div><\/div><\/div><\/section>\n","protected":false},"excerpt":{"rendered":"Harvia Harvia bietet eine breite Palette von Saunaprodukten f\u00fcr den \u00f6ffentlichen und privaten Gebrauch an. Harvia ist ein finnisches Unternehmen mit Tradition. Vor \u00fcber 60 Jahren als Kunstschmiede gegr\u00fcndet, ist es heute ein f\u00fchrender Hersteller von \u00d6fen und Zubeh\u00f6r auf dem Weltmarkt. Es \u00fcberrascht nicht, dass sich die Finnen am besten auskennen; die Trockensauna verdankt...","protected":false},"author":2,"featured_media":0,"parent":0,"menu_order":0,"comment_status":"closed","ping_status":"closed","template":"","meta":{"footnotes":""},"class_list":["post-27696","page","type-page","status-publish","hentry"],"_links":{"self":[{"href":"https:\/\/basenisauna.pl\/de\/wp-json\/wp\/v2\/pages\/27696","targetHints":{"allow":["GET"]}}],"collection":[{"href":"https:\/\/basenisauna.pl\/de\/wp-json\/wp\/v2\/pages"}],"about":[{"href":"https:\/\/basenisauna.pl\/de\/wp-json\/wp\/v2\/types\/page"}],"author":[{"embeddable":true,"href":"https:\/\/basenisauna.pl\/de\/wp-json\/wp\/v2\/users\/2"}],"replies":[{"embeddable":true,"href":"https:\/\/basenisauna.pl\/de\/wp-json\/wp\/v2\/comments?post=27696"}],"version-history":[{"count":4,"href":"https:\/\/basenisauna.pl\/de\/wp-json\/wp\/v2\/pages\/27696\/revisions"}],"predecessor-version":[{"id":27881,"href":"https:\/\/basenisauna.pl\/de\/wp-json\/wp\/v2\/pages\/27696\/revisions\/27881"}],"wp:attachment":[{"href":"https:\/\/basenisauna.pl\/de\/wp-json\/wp\/v2\/media?parent=27696"}],"curies":[{"name":"wp","href":"https:\/\/api.w.org\/{rel}","templated":true}]}}